{"id":3397,"date":"2020-05-04T07:38:01","date_gmt":"2020-05-04T07:38:01","guid":{"rendered":"https:\/\/relaunch.osa-abrasives.org\/uber-uns\/"},"modified":"2026-03-06T12:25:05","modified_gmt":"2026-03-06T12:25:05","slug":"uber-uns","status":"publish","type":"page","link":"https:\/\/www.osa-abrasives.org\/tr\/uber-uns\/","title":{"rendered":"oSa &#8211; HAKKIMIZDA"},"content":{"rendered":"\n<p><\/p>\n\n\n<h2 class=\"rich-text editor-rich-text__editable block-editor-rich-text__editable is-selected\" role=\"textbox\" contenteditable=\"true\" aria-multiline=\"true\" aria-label=\"Schreib eine \u00dcberschrift\u2026\">Sertifikal\u0131 G\u00fcvenlik: oSa<\/h2>\n<p>A\u015f\u0131nd\u0131r\u0131c\u0131 \u00dcr\u00fcnler G\u00fcvenlik Organizasyonu (oSa), kesme ve ta\u015flama i\u015flemlerini; her g\u00fcn, her yerde daha g\u00fcvenli hale getirir. 2000 y\u0131l\u0131nda Almanya&#8217;n\u0131n Bonn \u015fehrinde kurulan oSa, \u00f6nde gelen 50 \u00fcreticisiyle g\u00fcvenilen ve ve b\u00fcy\u00fcyen bir simge olarak bilinir. oSa d\u00fcnya \u00e7ap\u0131nda en y\u00fcksek g\u00fcvenli\u011fin ve uluslararas\u0131 bir ticari markan\u0131n korunan sembol\u00fcd\u00fcr.<\/p>\n<h2 class=\"rich-text editor-rich-text__editable block-editor-rich-text__editable is-selected\" role=\"textbox\" contenteditable=\"true\" aria-multiline=\"true\" aria-label=\"Schreib eine \u00dcberschrift\u2026\">oSa \u2013 The Symbol of Safety<\/h2>\n<p>Bir \u00fcye ancak kat\u0131 kabul kriterlerini yerine getirdikten sonra bu markay\u0131 \u00fcr\u00fcnlerine uygulama hakk\u0131na sahip olacakt\u0131r. oSa \u00fcyeleri belgelenmi\u015f s\u00fcre\u00e7ler ve en y\u00fcksek yetkinli\u011fe sahip i\u00e7 test tesisleri ile sertifikal\u0131 kalite y\u00f6netimini taahh\u00fct eder. \u00dc\u00e7 EN standard\u0131 (EN 12413, EN 13236, EN 13743) oSa g\u00fcvenlik felsefesinin temel ta\u015f\u0131n\u0131 olu\u015fturmaktad\u0131r. T\u00fcm \u00fcyeler \u00fcr\u00fcnleri i\u00e7in bu g\u00fcvenlik standartlar\u0131n\u0131 kabul eder.<\/p>\n<h2>oSa \u2013 Bir Ba\u015far\u0131 \u00d6yk\u00fcs\u00fc<\/h2>\n<p>Kurulu\u015fundan bu yana oSa, kesme ve ta\u015flama tak\u0131mlar\u0131nda uluslararas\u0131 kabul g\u00f6rm\u00fc\u015f otorite olarak tan\u0131nmaktad\u0131r. oSa, en y\u00fcksek g\u00fcvenlik gereksinimlerini temsil eden \u00fcreticileri denetler ve tavsiye eder. Bug\u00fcn, d\u00fcnyan\u0131n \u00f6nde gelen premium \u00fcreticilerinin neredeyse tamam\u0131 oSa \u00fcyesidir. Bug\u00fcn piyasadaki el tipi kesme ve ta\u015flama tak\u0131mlar\u0131n\u0131n yakla\u015f\u0131k y\u00fczde 70&#8217;i zaten oSa sembol\u00fc ile damgalanm\u0131\u015ft\u0131r.<\/p>\n\n\n<p><\/p>\n","protected":false},"excerpt":{"rendered":"<p>Sertifikal\u0131 G\u00fcvenlik: oSa A\u015f\u0131nd\u0131r\u0131c\u0131 \u00dcr\u00fcnler G\u00fcvenlik Organizasyonu (oSa), kesme ve ta\u015flama i\u015flemlerini; her g\u00fcn, her yerde daha g\u00fcvenli hale getirir. 2000 y\u0131l\u0131nda Almanya&#8217;n\u0131n Bonn \u015fehrinde kurulan oSa, \u00f6nde gelen 50 \u00fcreticisiyle g\u00fcvenilen ve ve b\u00fcy\u00fcyen bir simge olarak bilinir. oSa d\u00fcnya \u00e7ap\u0131nda en y\u00fcksek g\u00fcvenli\u011fin ve uluslararas\u0131 bir ticari markan\u0131n korunan sembol\u00fcd\u00fcr. oSa \u2013 The [&hellip;]<\/p>\n","protected":false},"author":12,"featured_media":0,"parent":0,"menu_order":18,"comment_status":"closed","ping_status":"closed","template":"","meta":{"_acf_changed":false,"footnotes":""},"class_list":["post-3397","page","type-page","status-publish","hentry"],"acf":[],"yoast_head":"<!-- This site is optimized with the Yoast SEO plugin v26.9 - https:\/\/yoast.com\/product\/yoast-seo-wordpress\/ -->\n<title>oSa - HAKKIMIZDA - oSa: The Organisation for the Safety of Abrasives<\/title>\n<meta name=\"robots\" content=\"index, follow, max-snippet:-1, max-image-preview:large, max-video-preview:-1\" \/>\n<link rel=\"canonical\" href=\"https:\/\/www.osa-abrasives.org\/tr\/uber-uns\/\" \/>\n<meta property=\"og:locale\" content=\"tr_TR\" \/>\n<meta property=\"og:type\" content=\"article\" \/>\n<meta property=\"og:title\" content=\"oSa - HAKKIMIZDA - oSa: The Organisation for the Safety of Abrasives\" \/>\n<meta property=\"og:description\" content=\"Sertifikal\u0131 G\u00fcvenlik: oSa A\u015f\u0131nd\u0131r\u0131c\u0131 \u00dcr\u00fcnler G\u00fcvenlik Organizasyonu (oSa), kesme ve ta\u015flama i\u015flemlerini; her g\u00fcn, her yerde daha g\u00fcvenli hale getirir. 2000 y\u0131l\u0131nda Almanya&#8217;n\u0131n Bonn \u015fehrinde kurulan oSa, \u00f6nde gelen 50 \u00fcreticisiyle g\u00fcvenilen ve ve b\u00fcy\u00fcyen bir simge olarak bilinir. oSa d\u00fcnya \u00e7ap\u0131nda en y\u00fcksek g\u00fcvenli\u011fin ve uluslararas\u0131 bir ticari markan\u0131n korunan sembol\u00fcd\u00fcr. oSa \u2013 The [&hellip;]\" \/>\n<meta property=\"og:url\" content=\"https:\/\/www.osa-abrasives.org\/tr\/uber-uns\/\" \/>\n<meta property=\"og:site_name\" content=\"oSa: The Organisation for the Safety of Abrasives\" \/>\n<meta property=\"article:publisher\" content=\"https:\/\/www.facebook.com\/osa.symbol.of.safety\/\" \/>\n<meta property=\"article:modified_time\" content=\"2026-03-06T12:25:05+00:00\" \/>\n<meta name=\"twitter:card\" content=\"summary_large_image\" \/>\n<meta name=\"twitter:site\" content=\"@oSaSymbol\" \/>\n<meta name=\"twitter:label1\" content=\"Tahmini okuma s\u00fcresi\" \/>\n\t<meta name=\"twitter:data1\" content=\"1 dakika\" \/>\n<script type=\"application\/ld+json\" class=\"yoast-schema-graph\">{\"@context\":\"https:\/\/schema.org\",\"@graph\":[{\"@type\":\"WebPage\",\"@id\":\"https:\/\/www.osa-abrasives.org\/tr\/uber-uns\/\",\"url\":\"https:\/\/www.osa-abrasives.org\/tr\/uber-uns\/\",\"name\":\"oSa - HAKKIMIZDA - oSa: The Organisation for the Safety of Abrasives\",\"isPartOf\":{\"@id\":\"https:\/\/www.osa-abrasives.org\/tr\/#website\"},\"datePublished\":\"2020-05-04T07:38:01+00:00\",\"dateModified\":\"2026-03-06T12:25:05+00:00\",\"breadcrumb\":{\"@id\":\"https:\/\/www.osa-abrasives.org\/tr\/uber-uns\/#breadcrumb\"},\"inLanguage\":\"tr\",\"potentialAction\":[{\"@type\":\"ReadAction\",\"target\":[\"https:\/\/www.osa-abrasives.org\/tr\/uber-uns\/\"]}]},{\"@type\":\"BreadcrumbList\",\"@id\":\"https:\/\/www.osa-abrasives.org\/tr\/uber-uns\/#breadcrumb\",\"itemListElement\":[{\"@type\":\"ListItem\",\"position\":1,\"name\":\"Home\",\"item\":\"https:\/\/www.osa-abrasives.org\/tr\/\"},{\"@type\":\"ListItem\",\"position\":2,\"name\":\"oSa &#8211; HAKKIMIZDA\"}]},{\"@type\":\"WebSite\",\"@id\":\"https:\/\/www.osa-abrasives.org\/tr\/#website\",\"url\":\"https:\/\/www.osa-abrasives.org\/tr\/\",\"name\":\"oSa: The Organisation for the Safety of Abrasives\",\"description\":\"Organisiation f\u00fcr die Sicherheit von Schleifmitteln\",\"publisher\":{\"@id\":\"https:\/\/www.osa-abrasives.org\/tr\/#organization\"},\"potentialAction\":[{\"@type\":\"SearchAction\",\"target\":{\"@type\":\"EntryPoint\",\"urlTemplate\":\"https:\/\/www.osa-abrasives.org\/tr\/?s={search_term_string}\"},\"query-input\":{\"@type\":\"PropertyValueSpecification\",\"valueRequired\":true,\"valueName\":\"search_term_string\"}}],\"inLanguage\":\"tr\"},{\"@type\":\"Organization\",\"@id\":\"https:\/\/www.osa-abrasives.org\/tr\/#organization\",\"name\":\"oSa -Sicherheit von Schleifwerkzeugen\",\"url\":\"https:\/\/www.osa-abrasives.org\/tr\/\",\"logo\":{\"@type\":\"ImageObject\",\"inLanguage\":\"tr\",\"@id\":\"https:\/\/www.osa-abrasives.org\/tr\/#\/schema\/logo\/image\/\",\"url\":\"https:\/\/www.osa-abrasives.org\/wp-content\/uploads\/2020\/02\/oSaColor.svg\",\"contentUrl\":\"https:\/\/www.osa-abrasives.org\/wp-content\/uploads\/2020\/02\/oSaColor.svg\",\"width\":100,\"height\":100,\"caption\":\"oSa -Sicherheit von Schleifwerkzeugen\"},\"image\":{\"@id\":\"https:\/\/www.osa-abrasives.org\/tr\/#\/schema\/logo\/image\/\"},\"sameAs\":[\"https:\/\/www.facebook.com\/osa.symbol.of.safety\/\",\"https:\/\/x.com\/oSaSymbol\",\"https:\/\/www.instagram.com\/osa_the_symbol_of_safety\/\",\"https:\/\/www.youtube.com\/channel\/UCL6cJXaB_dqmwhhHP5G8rWA\"]}]}<\/script>\n<!-- \/ Yoast SEO plugin. -->","yoast_head_json":{"title":"oSa - HAKKIMIZDA - oSa: The Organisation for the Safety of Abrasives","robots":{"index":"index","follow":"follow","max-snippet":"max-snippet:-1","max-image-preview":"max-image-preview:large","max-video-preview":"max-video-preview:-1"},"canonical":"https:\/\/www.osa-abrasives.org\/tr\/uber-uns\/","og_locale":"tr_TR","og_type":"article","og_title":"oSa - HAKKIMIZDA - oSa: The Organisation for the Safety of Abrasives","og_description":"Sertifikal\u0131 G\u00fcvenlik: oSa A\u015f\u0131nd\u0131r\u0131c\u0131 \u00dcr\u00fcnler G\u00fcvenlik Organizasyonu (oSa), kesme ve ta\u015flama i\u015flemlerini; her g\u00fcn, her yerde daha g\u00fcvenli hale getirir. 2000 y\u0131l\u0131nda Almanya&#8217;n\u0131n Bonn \u015fehrinde kurulan oSa, \u00f6nde gelen 50 \u00fcreticisiyle g\u00fcvenilen ve ve b\u00fcy\u00fcyen bir simge olarak bilinir. oSa d\u00fcnya \u00e7ap\u0131nda en y\u00fcksek g\u00fcvenli\u011fin ve uluslararas\u0131 bir ticari markan\u0131n korunan sembol\u00fcd\u00fcr. oSa \u2013 The [&hellip;]","og_url":"https:\/\/www.osa-abrasives.org\/tr\/uber-uns\/","og_site_name":"oSa: The Organisation for the Safety of Abrasives","article_publisher":"https:\/\/www.facebook.com\/osa.symbol.of.safety\/","article_modified_time":"2026-03-06T12:25:05+00:00","twitter_card":"summary_large_image","twitter_site":"@oSaSymbol","twitter_misc":{"Tahmini okuma s\u00fcresi":"1 dakika"},"schema":{"@context":"https:\/\/schema.org","@graph":[{"@type":"WebPage","@id":"https:\/\/www.osa-abrasives.org\/tr\/uber-uns\/","url":"https:\/\/www.osa-abrasives.org\/tr\/uber-uns\/","name":"oSa - HAKKIMIZDA - oSa: The Organisation for the Safety of Abrasives","isPartOf":{"@id":"https:\/\/www.osa-abrasives.org\/tr\/#website"},"datePublished":"2020-05-04T07:38:01+00:00","dateModified":"2026-03-06T12:25:05+00:00","breadcrumb":{"@id":"https:\/\/www.osa-abrasives.org\/tr\/uber-uns\/#breadcrumb"},"inLanguage":"tr","potentialAction":[{"@type":"ReadAction","target":["https:\/\/www.osa-abrasives.org\/tr\/uber-uns\/"]}]},{"@type":"BreadcrumbList","@id":"https:\/\/www.osa-abrasives.org\/tr\/uber-uns\/#breadcrumb","itemListElement":[{"@type":"ListItem","position":1,"name":"Home","item":"https:\/\/www.osa-abrasives.org\/tr\/"},{"@type":"ListItem","position":2,"name":"oSa &#8211; HAKKIMIZDA"}]},{"@type":"WebSite","@id":"https:\/\/www.osa-abrasives.org\/tr\/#website","url":"https:\/\/www.osa-abrasives.org\/tr\/","name":"oSa: The Organisation for the Safety of Abrasives","description":"Organisiation f\u00fcr die Sicherheit von Schleifmitteln","publisher":{"@id":"https:\/\/www.osa-abrasives.org\/tr\/#organization"},"potentialAction":[{"@type":"SearchAction","target":{"@type":"EntryPoint","urlTemplate":"https:\/\/www.osa-abrasives.org\/tr\/?s={search_term_string}"},"query-input":{"@type":"PropertyValueSpecification","valueRequired":true,"valueName":"search_term_string"}}],"inLanguage":"tr"},{"@type":"Organization","@id":"https:\/\/www.osa-abrasives.org\/tr\/#organization","name":"oSa -Sicherheit von Schleifwerkzeugen","url":"https:\/\/www.osa-abrasives.org\/tr\/","logo":{"@type":"ImageObject","inLanguage":"tr","@id":"https:\/\/www.osa-abrasives.org\/tr\/#\/schema\/logo\/image\/","url":"https:\/\/www.osa-abrasives.org\/wp-content\/uploads\/2020\/02\/oSaColor.svg","contentUrl":"https:\/\/www.osa-abrasives.org\/wp-content\/uploads\/2020\/02\/oSaColor.svg","width":100,"height":100,"caption":"oSa -Sicherheit von Schleifwerkzeugen"},"image":{"@id":"https:\/\/www.osa-abrasives.org\/tr\/#\/schema\/logo\/image\/"},"sameAs":["https:\/\/www.facebook.com\/osa.symbol.of.safety\/","https:\/\/x.com\/oSaSymbol","https:\/\/www.instagram.com\/osa_the_symbol_of_safety\/","https:\/\/www.youtube.com\/channel\/UCL6cJXaB_dqmwhhHP5G8rWA"]}]}},"_links":{"self":[{"href":"https:\/\/www.osa-abrasives.org\/tr\/wp-json\/wp\/v2\/pages\/3397","targetHints":{"allow":["GET"]}}],"collection":[{"href":"https:\/\/www.osa-abrasives.org\/tr\/wp-json\/wp\/v2\/pages"}],"about":[{"href":"https:\/\/www.osa-abrasives.org\/tr\/wp-json\/wp\/v2\/types\/page"}],"author":[{"embeddable":true,"href":"https:\/\/www.osa-abrasives.org\/tr\/wp-json\/wp\/v2\/users\/12"}],"replies":[{"embeddable":true,"href":"https:\/\/www.osa-abrasives.org\/tr\/wp-json\/wp\/v2\/comments?post=3397"}],"version-history":[{"count":3,"href":"https:\/\/www.osa-abrasives.org\/tr\/wp-json\/wp\/v2\/pages\/3397\/revisions"}],"predecessor-version":[{"id":6698,"href":"https:\/\/www.osa-abrasives.org\/tr\/wp-json\/wp\/v2\/pages\/3397\/revisions\/6698"}],"wp:attachment":[{"href":"https:\/\/www.osa-abrasives.org\/tr\/wp-json\/wp\/v2\/media?parent=3397"}],"curies":[{"name":"wp","href":"https:\/\/api.w.org\/{rel}","templated":true}]}}