{"id":3198,"date":"2020-05-01T08:59:42","date_gmt":"2020-05-01T08:59:42","guid":{"rendered":"https:\/\/relaunch.osa-abrasives.org\/procedures-from-application-to-admission-as-osa-member\/"},"modified":"2023-05-12T07:21:49","modified_gmt":"2023-05-12T07:21:49","slug":"procedure-per-associarsi-alla-osa-dalla-domanda-fino-all-ammissione","status":"publish","type":"page","link":"https:\/\/www.osa-abrasives.org\/it\/produttore-membri\/procedure-per-associarsi-alla-osa-dalla-domanda-fino-all-ammissione\/","title":{"rendered":"Procedure per associarsi alla oSa, dalla domanda fino all&#8217;ammissione: Infocenter"},"content":{"rendered":"\n<h1 class=\"wp-block-heading\"><strong>Procedure dalla domanda fino all&#8217;ammissione come membro oSa<\/strong><\/h1>\n\n\n\n<p>Possono diventare membri dell&#8217;oSa le aziende residenti in tutto il mondo che producono e vendono utensili di rettifica a base di abrasivi artificiali (ad esempio corindone, carburo di silicio, grani di ceramica, corindone zirconico, diamante o nitruro di boro cubico &#8211; CBN).&nbsp;<\/p>\n\n\n\n<p>Norme di sicurezza basate sugli standard di sicurezza EN. Se siete interessati a presentare una domanda, vi preghiamo di inviarci i seguenti documenti:<\/p>\n\n\n\n<p> <br><strong>Modulo di domanda,<\/strong><br>Scaricare qui il modulo: <a href=\"https:\/\/www.osa-abrasives.org\/wp-content\/uploads\/Membership-application-form_24-08-2020.pdf\" target=\"_blank\" rel=\"noreferrer noopener\">PDF<\/a>\/<a href=\"https:\/\/www.osa-abrasives.org\/wp-content\/uploads\/Membership-application-form_24-08-2020.docx\">Word<\/a>, firmare e fornire le prove richieste e gli allegati al modulo di domanda:\u00a0<\/p>\n\n\n\n<p>Tabelle &#8220;Ambito dei prodotti oSa&#8221;:<\/p>\n\n\n\n<ul class=\"wp-block-list\">\n<li><a href=\"\/wp-content\/uploads\/oSa-Scope-bonded.xls\">agglomerati<\/a><\/li>\n\n\n\n<li><a href=\"\/wp-content\/uploads\/oSa-Scope-coated.xls\">rivestiti<\/a>,<\/li>\n\n\n\n<li><a href=\"\/wp-content\/uploads\/Scope_superabrasives.xls\">superabrasivi<\/a><\/li>\n<\/ul>\n\n\n\n<p> <br><\/p>\n\n\n\n<p>Per preparare i test, il richiedente deve specificare il &#8220;Campo di applicazione dei prodotti oSa&#8221; associato al modulo di domanda.&nbsp;<\/p>\n\n\n\n<p><strong>I risultati dei test di progettazione<\/strong> devono essere inviati all&#8217;oSa per l&#8217;esame. Ulteriori requisiti includono una copia firmata dello statuto (a fini legali, \u00e8 richiesta la versione tedesca e una copia firmata delle condizioni d&#8217;uso).&nbsp;<\/p>\n\n\n\n<p><strong><strong>Catalogo dei prodotti a info@oSa-abrasives.org:<\/strong> <\/strong>Sulla base del catalogo prodotti, l&#8217;oSa seleziona i prodotti che il richiedente invier\u00e0 all&#8217;IFA per i test (<strong><strong>IFA: istituto per la sicurezza e la salute sul lavoro dell&#8217;assicurazione sociale tedesca contro gli infortuni<\/strong><\/strong>, <a aria-label=\"www.dguv.de\/ifa (opens in a new tab)\" href=\"http:\/\/www.dguv.de\/ifa\" target=\"_blank\" rel=\"noreferrer noopener\">www.dguv.de\/ifa<\/a>). Sin dalla sua fondazione, l&#8217;oSa collabora con l&#8217;IFA come istituto di prova accreditato e indipendente. Tra l&#8217;oSa e l&#8217;IFA vi \u00e8 un regolare scambio di know-how tecnico. Per ragioni di parit\u00e0 di trattamento e di comparabilit\u00e0 dei risultati dei test di tutti i candidati e dei membri, tutti i test dell&#8217;oSa sono svolti esclusivamente presso l&#8217;IFA.<\/p>\n\n\n\n<p>Dopo aver superato i test dell&#8217;IFA, viene effettuata un&#8217;ispezione della fabbrica a spese del richiedente.<\/p>\n\n\n\n<p>Una volta completata con successo la verifica, la domanda di adesione viene sottoposta alla decisione del Consiglio direttivo.<\/p>\n\n\n\n<p>Dopo l&#8217;ammissione all&#8217;oSa, viene concordato un audit annuale per un periodo di tre anni. Il diritto di utilizzare il marchio oSa \u00e8 concesso per un periodo di cinque anni, a partire dal completamento del terzo audit consecutivo. Al termine dei cinque anni, verr\u00e0 effettuata una nuova ispezione della fabbrica.<\/p>\n","protected":false},"excerpt":{"rendered":"<p>Procedure dalla domanda fino all&#8217;ammissione come membro oSa Possono diventare membri dell&#8217;oSa le aziende residenti in tutto il mondo che producono e vendono utensili di rettifica a base di abrasivi artificiali (ad esempio corindone, carburo di silicio, grani di ceramica, corindone zirconico, diamante o nitruro di boro cubico &#8211; CBN).&nbsp; Norme di sicurezza basate sugli [&hellip;]<\/p>\n","protected":false},"author":12,"featured_media":0,"parent":3200,"menu_order":30,"comment_status":"closed","ping_status":"closed","template":"minimal_template.php","meta":{"_acf_changed":false,"footnotes":""},"class_list":["post-3198","page","type-page","status-publish","hentry"],"acf":[],"yoast_head":"<!-- This site is optimized with the Yoast SEO plugin v26.9 - https:\/\/yoast.com\/product\/yoast-seo-wordpress\/ -->\n<title>Procedure per associarsi alla oSa, dalla domanda fino all&#039;ammissione: Infocenter - oSa: The Organisation for the Safety of Abrasives<\/title>\n<meta name=\"robots\" content=\"index, follow, max-snippet:-1, max-image-preview:large, max-video-preview:-1\" \/>\n<link rel=\"canonical\" href=\"https:\/\/www.osa-abrasives.org\/it\/produttore-membri\/procedure-per-associarsi-alla-osa-dalla-domanda-fino-all-ammissione\/\" \/>\n<meta property=\"og:locale\" content=\"it_IT\" \/>\n<meta property=\"og:type\" content=\"article\" \/>\n<meta property=\"og:title\" content=\"Procedure per associarsi alla oSa, dalla domanda fino all&#039;ammissione: Infocenter - oSa: The Organisation for the Safety of Abrasives\" \/>\n<meta property=\"og:description\" content=\"Procedure dalla domanda fino all&#8217;ammissione come membro oSa Possono diventare membri dell&#8217;oSa le aziende residenti in tutto il mondo che producono e vendono utensili di rettifica a base di abrasivi artificiali (ad esempio corindone, carburo di silicio, grani di ceramica, corindone zirconico, diamante o nitruro di boro cubico &#8211; CBN).&nbsp; Norme di sicurezza basate sugli [&hellip;]\" \/>\n<meta property=\"og:url\" content=\"https:\/\/www.osa-abrasives.org\/it\/produttore-membri\/procedure-per-associarsi-alla-osa-dalla-domanda-fino-all-ammissione\/\" \/>\n<meta property=\"og:site_name\" content=\"oSa: The Organisation for the Safety of Abrasives\" \/>\n<meta property=\"article:publisher\" content=\"https:\/\/www.facebook.com\/osa.symbol.of.safety\/\" \/>\n<meta property=\"article:modified_time\" content=\"2023-05-12T07:21:49+00:00\" \/>\n<meta name=\"twitter:card\" content=\"summary_large_image\" \/>\n<meta name=\"twitter:site\" content=\"@oSaSymbol\" \/>\n<meta name=\"twitter:label1\" content=\"Tempo di lettura stimato\" \/>\n\t<meta name=\"twitter:data1\" content=\"2 minuti\" \/>\n<script type=\"application\/ld+json\" class=\"yoast-schema-graph\">{\"@context\":\"https:\/\/schema.org\",\"@graph\":[{\"@type\":\"WebPage\",\"@id\":\"https:\/\/www.osa-abrasives.org\/it\/produttore-membri\/procedure-per-associarsi-alla-osa-dalla-domanda-fino-all-ammissione\/\",\"url\":\"https:\/\/www.osa-abrasives.org\/it\/produttore-membri\/procedure-per-associarsi-alla-osa-dalla-domanda-fino-all-ammissione\/\",\"name\":\"Procedure per associarsi alla oSa, dalla domanda fino all'ammissione: Infocenter - oSa: The Organisation for the Safety of Abrasives\",\"isPartOf\":{\"@id\":\"https:\/\/www.osa-abrasives.org\/it\/#website\"},\"datePublished\":\"2020-05-01T08:59:42+00:00\",\"dateModified\":\"2023-05-12T07:21:49+00:00\",\"breadcrumb\":{\"@id\":\"https:\/\/www.osa-abrasives.org\/it\/produttore-membri\/procedure-per-associarsi-alla-osa-dalla-domanda-fino-all-ammissione\/#breadcrumb\"},\"inLanguage\":\"it-IT\",\"potentialAction\":[{\"@type\":\"ReadAction\",\"target\":[\"https:\/\/www.osa-abrasives.org\/it\/produttore-membri\/procedure-per-associarsi-alla-osa-dalla-domanda-fino-all-ammissione\/\"]}]},{\"@type\":\"BreadcrumbList\",\"@id\":\"https:\/\/www.osa-abrasives.org\/it\/produttore-membri\/procedure-per-associarsi-alla-osa-dalla-domanda-fino-all-ammissione\/#breadcrumb\",\"itemListElement\":[{\"@type\":\"ListItem\",\"position\":1,\"name\":\"Home\",\"item\":\"https:\/\/www.osa-abrasives.org\/it\/\"},{\"@type\":\"ListItem\",\"position\":2,\"name\":\"Produttore-membri\",\"item\":\"https:\/\/www.osa-abrasives.org\/it\/produttore-membri\/\"},{\"@type\":\"ListItem\",\"position\":3,\"name\":\"Procedure per associarsi alla oSa, dalla domanda fino all&#8217;ammissione: Infocenter\"}]},{\"@type\":\"WebSite\",\"@id\":\"https:\/\/www.osa-abrasives.org\/it\/#website\",\"url\":\"https:\/\/www.osa-abrasives.org\/it\/\",\"name\":\"oSa: The Organisation for the Safety of Abrasives\",\"description\":\"Organisiation f\u00fcr die Sicherheit von Schleifmitteln\",\"publisher\":{\"@id\":\"https:\/\/www.osa-abrasives.org\/it\/#organization\"},\"potentialAction\":[{\"@type\":\"SearchAction\",\"target\":{\"@type\":\"EntryPoint\",\"urlTemplate\":\"https:\/\/www.osa-abrasives.org\/it\/?s={search_term_string}\"},\"query-input\":{\"@type\":\"PropertyValueSpecification\",\"valueRequired\":true,\"valueName\":\"search_term_string\"}}],\"inLanguage\":\"it-IT\"},{\"@type\":\"Organization\",\"@id\":\"https:\/\/www.osa-abrasives.org\/it\/#organization\",\"name\":\"oSa -Sicherheit von Schleifwerkzeugen\",\"url\":\"https:\/\/www.osa-abrasives.org\/it\/\",\"logo\":{\"@type\":\"ImageObject\",\"inLanguage\":\"it-IT\",\"@id\":\"https:\/\/www.osa-abrasives.org\/it\/#\/schema\/logo\/image\/\",\"url\":\"https:\/\/www.osa-abrasives.org\/wp-content\/uploads\/2020\/02\/oSaColor.svg\",\"contentUrl\":\"https:\/\/www.osa-abrasives.org\/wp-content\/uploads\/2020\/02\/oSaColor.svg\",\"width\":100,\"height\":100,\"caption\":\"oSa -Sicherheit von Schleifwerkzeugen\"},\"image\":{\"@id\":\"https:\/\/www.osa-abrasives.org\/it\/#\/schema\/logo\/image\/\"},\"sameAs\":[\"https:\/\/www.facebook.com\/osa.symbol.of.safety\/\",\"https:\/\/x.com\/oSaSymbol\",\"https:\/\/www.instagram.com\/osa_the_symbol_of_safety\/\",\"https:\/\/www.youtube.com\/channel\/UCL6cJXaB_dqmwhhHP5G8rWA\"]}]}<\/script>\n<!-- \/ Yoast SEO plugin. -->","yoast_head_json":{"title":"Procedure per associarsi alla oSa, dalla domanda fino all'ammissione: Infocenter - oSa: The Organisation for the Safety of Abrasives","robots":{"index":"index","follow":"follow","max-snippet":"max-snippet:-1","max-image-preview":"max-image-preview:large","max-video-preview":"max-video-preview:-1"},"canonical":"https:\/\/www.osa-abrasives.org\/it\/produttore-membri\/procedure-per-associarsi-alla-osa-dalla-domanda-fino-all-ammissione\/","og_locale":"it_IT","og_type":"article","og_title":"Procedure per associarsi alla oSa, dalla domanda fino all'ammissione: Infocenter - oSa: The Organisation for the Safety of Abrasives","og_description":"Procedure dalla domanda fino all&#8217;ammissione come membro oSa Possono diventare membri dell&#8217;oSa le aziende residenti in tutto il mondo che producono e vendono utensili di rettifica a base di abrasivi artificiali (ad esempio corindone, carburo di silicio, grani di ceramica, corindone zirconico, diamante o nitruro di boro cubico &#8211; CBN).&nbsp; Norme di sicurezza basate sugli [&hellip;]","og_url":"https:\/\/www.osa-abrasives.org\/it\/produttore-membri\/procedure-per-associarsi-alla-osa-dalla-domanda-fino-all-ammissione\/","og_site_name":"oSa: The Organisation for the Safety of Abrasives","article_publisher":"https:\/\/www.facebook.com\/osa.symbol.of.safety\/","article_modified_time":"2023-05-12T07:21:49+00:00","twitter_card":"summary_large_image","twitter_site":"@oSaSymbol","twitter_misc":{"Tempo di lettura stimato":"2 minuti"},"schema":{"@context":"https:\/\/schema.org","@graph":[{"@type":"WebPage","@id":"https:\/\/www.osa-abrasives.org\/it\/produttore-membri\/procedure-per-associarsi-alla-osa-dalla-domanda-fino-all-ammissione\/","url":"https:\/\/www.osa-abrasives.org\/it\/produttore-membri\/procedure-per-associarsi-alla-osa-dalla-domanda-fino-all-ammissione\/","name":"Procedure per associarsi alla oSa, dalla domanda fino all'ammissione: Infocenter - oSa: The Organisation for the Safety of Abrasives","isPartOf":{"@id":"https:\/\/www.osa-abrasives.org\/it\/#website"},"datePublished":"2020-05-01T08:59:42+00:00","dateModified":"2023-05-12T07:21:49+00:00","breadcrumb":{"@id":"https:\/\/www.osa-abrasives.org\/it\/produttore-membri\/procedure-per-associarsi-alla-osa-dalla-domanda-fino-all-ammissione\/#breadcrumb"},"inLanguage":"it-IT","potentialAction":[{"@type":"ReadAction","target":["https:\/\/www.osa-abrasives.org\/it\/produttore-membri\/procedure-per-associarsi-alla-osa-dalla-domanda-fino-all-ammissione\/"]}]},{"@type":"BreadcrumbList","@id":"https:\/\/www.osa-abrasives.org\/it\/produttore-membri\/procedure-per-associarsi-alla-osa-dalla-domanda-fino-all-ammissione\/#breadcrumb","itemListElement":[{"@type":"ListItem","position":1,"name":"Home","item":"https:\/\/www.osa-abrasives.org\/it\/"},{"@type":"ListItem","position":2,"name":"Produttore-membri","item":"https:\/\/www.osa-abrasives.org\/it\/produttore-membri\/"},{"@type":"ListItem","position":3,"name":"Procedure per associarsi alla oSa, dalla domanda fino all&#8217;ammissione: Infocenter"}]},{"@type":"WebSite","@id":"https:\/\/www.osa-abrasives.org\/it\/#website","url":"https:\/\/www.osa-abrasives.org\/it\/","name":"oSa: The Organisation for the Safety of Abrasives","description":"Organisiation f\u00fcr die Sicherheit von Schleifmitteln","publisher":{"@id":"https:\/\/www.osa-abrasives.org\/it\/#organization"},"potentialAction":[{"@type":"SearchAction","target":{"@type":"EntryPoint","urlTemplate":"https:\/\/www.osa-abrasives.org\/it\/?s={search_term_string}"},"query-input":{"@type":"PropertyValueSpecification","valueRequired":true,"valueName":"search_term_string"}}],"inLanguage":"it-IT"},{"@type":"Organization","@id":"https:\/\/www.osa-abrasives.org\/it\/#organization","name":"oSa -Sicherheit von Schleifwerkzeugen","url":"https:\/\/www.osa-abrasives.org\/it\/","logo":{"@type":"ImageObject","inLanguage":"it-IT","@id":"https:\/\/www.osa-abrasives.org\/it\/#\/schema\/logo\/image\/","url":"https:\/\/www.osa-abrasives.org\/wp-content\/uploads\/2020\/02\/oSaColor.svg","contentUrl":"https:\/\/www.osa-abrasives.org\/wp-content\/uploads\/2020\/02\/oSaColor.svg","width":100,"height":100,"caption":"oSa -Sicherheit von Schleifwerkzeugen"},"image":{"@id":"https:\/\/www.osa-abrasives.org\/it\/#\/schema\/logo\/image\/"},"sameAs":["https:\/\/www.facebook.com\/osa.symbol.of.safety\/","https:\/\/x.com\/oSaSymbol","https:\/\/www.instagram.com\/osa_the_symbol_of_safety\/","https:\/\/www.youtube.com\/channel\/UCL6cJXaB_dqmwhhHP5G8rWA"]}]}},"_links":{"self":[{"href":"https:\/\/www.osa-abrasives.org\/it\/wp-json\/wp\/v2\/pages\/3198","targetHints":{"allow":["GET"]}}],"collection":[{"href":"https:\/\/www.osa-abrasives.org\/it\/wp-json\/wp\/v2\/pages"}],"about":[{"href":"https:\/\/www.osa-abrasives.org\/it\/wp-json\/wp\/v2\/types\/page"}],"author":[{"embeddable":true,"href":"https:\/\/www.osa-abrasives.org\/it\/wp-json\/wp\/v2\/users\/12"}],"replies":[{"embeddable":true,"href":"https:\/\/www.osa-abrasives.org\/it\/wp-json\/wp\/v2\/comments?post=3198"}],"version-history":[{"count":6,"href":"https:\/\/www.osa-abrasives.org\/it\/wp-json\/wp\/v2\/pages\/3198\/revisions"}],"predecessor-version":[{"id":5034,"href":"https:\/\/www.osa-abrasives.org\/it\/wp-json\/wp\/v2\/pages\/3198\/revisions\/5034"}],"up":[{"embeddable":true,"href":"https:\/\/www.osa-abrasives.org\/it\/wp-json\/wp\/v2\/pages\/3200"}],"wp:attachment":[{"href":"https:\/\/www.osa-abrasives.org\/it\/wp-json\/wp\/v2\/media?parent=3198"}],"curies":[{"name":"wp","href":"https:\/\/api.w.org\/{rel}","templated":true}]}}