{"id":2803,"date":"2020-04-08T09:57:48","date_gmt":"2020-04-08T09:57:48","guid":{"rendered":"https:\/\/relaunch.osa-abrasives.org\/procedures-de-demande-dadmission-en-tant-que-membre-de-losa-infocentre\/"},"modified":"2023-05-12T15:08:50","modified_gmt":"2023-05-12T15:08:50","slug":"procedures-de-demande-dadmission-en-tant-que-membre-de-losa-infocentre","status":"publish","type":"page","link":"https:\/\/www.osa-abrasives.org\/fr\/fabricants-membres\/procedures-de-demande-dadmission-en-tant-que-membre-de-losa-infocentre\/","title":{"rendered":"Proc\u00e9dures de demande d\u2019admission en tant que membre de l\u2019oSa &#8211; Infocentre"},"content":{"rendered":"\n<h1 class=\"wp-block-heading\">Proc\u00e9dures de demande d\u2019admission en tant que membre de l\u2019oSa<\/h1>\n\n\n\n<p>Les membres de l&rsquo;oSa peuvent devenir des entreprises r\u00e9sidentes dans le monde entier, qui fabriquent et vendent des outils de meulage \u00e0 partir d&rsquo;abrasifs artificiels (par exemple, corindon, carbure de silicium, grains de c\u00e9ramique, corindon de zircon, diamant ou nitrure de bore cubique &#8211; CBN).&nbsp;<\/p>\n\n\n\n<p>R\u00e8gles de s\u00e9curit\u00e9 bas\u00e9es sur les normes de s\u00e9curit\u00e9 EN. Si vous souhaitez soumettre une demande, veuillez nous envoyer les documents suivants :<\/p>\n\n\n\n<p> <br><strong>Formulaire de candidature,<\/strong><br>T\u00e9l\u00e9charger le formulaire ici: <a href=\"https:\/\/www.osa-abrasives.org\/wp-content\/uploads\/Membership-application-form_24-08-2020.pdf\" target=\"_blank\" rel=\"noreferrer noopener\">PDF<\/a>\/<a href=\"https:\/\/www.osa-abrasives.org\/wp-content\/uploads\/Membership-application-form_24-08-2020.docx\">Word<\/a>, signez et fournissez les preuves requises et les pi\u00e8ces jointes au formulaire de demande :<\/p>\n\n\n\n<p>Tableaux \u00ab\u00a0Gamme des produits oSa\u00a0\u00bb :<\/p>\n\n\n\n<ul class=\"wp-block-list\">\n<li><a href=\"\/wp-content\/uploads\/oSa-Scope-bonded.xls\">\u00e0 liant<\/a><\/li>\n\n\n\n<li><a href=\"\/wp-content\/uploads\/oSa-Scope-coated.xls\">appliqu\u00e9s<\/a><\/li>\n\n\n\n<li><a href=\"\/wp-content\/uploads\/Scope_superabrasives.xls\">superabrasifs<\/a><br><br><\/li>\n<\/ul>\n\n\n\n<p>Afin de pr\u00e9parer les essais, le demandeur doit sp\u00e9cifier le \u00ab\u00a0champ d&rsquo;application des produits de l&rsquo;oSa\u00a0\u00bb associ\u00e9 au formulaire de demande.&nbsp;<\/p>\n\n\n\n<p><strong>Formulaire de saisie et d\u2019\u00e9valuation des r\u00e9sultats des test de conception <\/strong>doivent \u00eatre envoy\u00e9s \u00e0 l&rsquo;oSa pour examen. Les exigences suppl\u00e9mentaires comprennent une copie sign\u00e9e du statut (\u00e0 des fins juridiques, nous exigeons la version allemande ainsi qu&rsquo;une copie sign\u00e9e des conditions d&rsquo;utilisation).&nbsp;<\/p>\n\n\n\n<p><strong>Catalogue de produits \u00e0 l&rsquo;adresse info@oSa-abrasives.org<\/strong> : Sur la base du catalogue de produits, l&rsquo;oSa s\u00e9lectionne les produits qui seront envoy\u00e9s par le demandeur \u00e0 l&rsquo;IFA pour \u00eatre test\u00e9s <strong>(IFA: l\u2019Institut allemand pour la s\u00e9curit\u00e9 au travail des organismes d\u2019assurance-accident, <\/strong><a href=\"http:\/\/www.dguv.de\/ifa\">www.dguv.de\/ifa<\/a>). Depuis sa cr\u00e9ation, l&rsquo;oSa coop\u00e8re avec l&rsquo;IFA en tant qu&rsquo;institut d&rsquo;essai accr\u00e9dit\u00e9 et ind\u00e9pendant. L&rsquo;oSa et l&rsquo;IFA \u00e9changent r\u00e9guli\u00e8rement leur savoir-faire technique. Pour des raisons d&rsquo;\u00e9galit\u00e9 de traitement et de comparabilit\u00e9 des r\u00e9sultats des tests de tous les candidats et membres, tous les tests de l&rsquo;oSa sont effectu\u00e9s exclusivement \u00e0 l&rsquo;IFA.<\/p>\n\n\n\n<p>Apr\u00e8s avoir pass\u00e9 les tests de l&rsquo;IFA, une inspection de l&rsquo;usine a lieu aux frais du candidat.<\/p>\n\n\n\n<p>Une fois l&rsquo;audit termin\u00e9 avec succ\u00e8s, la demande d&rsquo;adh\u00e9sion est soumise au conseil d&rsquo;administration pour d\u00e9cision.<\/p>\n\n\n\n<p>Apr\u00e8s l&rsquo;admission \u00e0 l&rsquo;oSa, un audit annuel est convenu pour une p\u00e9riode de trois ans. Le droit d&rsquo;utiliser la marque de l&rsquo;oSa est accord\u00e9 pour une p\u00e9riode de cinq ans, \u00e0 compter de l&rsquo;ach\u00e8vement du troisi\u00e8me audit cons\u00e9cutif. \u00c0 la fin des cinq ans, une nouvelle inspection de l&rsquo;usine sera effectu\u00e9e.<\/p>\n","protected":false},"excerpt":{"rendered":"<p>Proc\u00e9dures de demande d\u2019admission en tant que membre de l\u2019oSa Les membres de l&rsquo;oSa peuvent devenir des entreprises r\u00e9sidentes dans le monde entier, qui fabriquent et vendent des outils de meulage \u00e0 partir d&rsquo;abrasifs artificiels (par exemple, corindon, carbure de silicium, grains de c\u00e9ramique, corindon de zircon, diamant ou nitrure de bore cubique &#8211; CBN).&nbsp; [&hellip;]<\/p>\n","protected":false},"author":12,"featured_media":0,"parent":2815,"menu_order":30,"comment_status":"closed","ping_status":"closed","template":"minimal_template.php","meta":{"_acf_changed":false,"footnotes":""},"class_list":["post-2803","page","type-page","status-publish","hentry"],"acf":[],"yoast_head":"<!-- This site is optimized with the Yoast SEO plugin v26.9 - https:\/\/yoast.com\/product\/yoast-seo-wordpress\/ -->\n<title>Proc\u00e9dures de demande d\u2019admission en tant que membre de l\u2019oSa - Infocentre - oSa: The Organisation for the Safety of Abrasives<\/title>\n<meta name=\"robots\" content=\"index, follow, max-snippet:-1, max-image-preview:large, max-video-preview:-1\" \/>\n<link rel=\"canonical\" href=\"https:\/\/www.osa-abrasives.org\/fr\/fabricants-membres\/procedures-de-demande-dadmission-en-tant-que-membre-de-losa-infocentre\/\" \/>\n<meta property=\"og:locale\" content=\"fr_FR\" \/>\n<meta property=\"og:type\" content=\"article\" \/>\n<meta property=\"og:title\" content=\"Proc\u00e9dures de demande d\u2019admission en tant que membre de l\u2019oSa - Infocentre - oSa: The Organisation for the Safety of Abrasives\" \/>\n<meta property=\"og:description\" content=\"Proc\u00e9dures de demande d\u2019admission en tant que membre de l\u2019oSa Les membres de l&rsquo;oSa peuvent devenir des entreprises r\u00e9sidentes dans le monde entier, qui fabriquent et vendent des outils de meulage \u00e0 partir d&rsquo;abrasifs artificiels (par exemple, corindon, carbure de silicium, grains de c\u00e9ramique, corindon de zircon, diamant ou nitrure de bore cubique &#8211; CBN).&nbsp; [&hellip;]\" \/>\n<meta property=\"og:url\" content=\"https:\/\/www.osa-abrasives.org\/fr\/fabricants-membres\/procedures-de-demande-dadmission-en-tant-que-membre-de-losa-infocentre\/\" \/>\n<meta property=\"og:site_name\" content=\"oSa: The Organisation for the Safety of Abrasives\" \/>\n<meta property=\"article:publisher\" content=\"https:\/\/www.facebook.com\/osa.symbol.of.safety\/\" \/>\n<meta property=\"article:modified_time\" content=\"2023-05-12T15:08:50+00:00\" \/>\n<meta name=\"twitter:card\" content=\"summary_large_image\" \/>\n<meta name=\"twitter:site\" content=\"@oSaSymbol\" \/>\n<meta name=\"twitter:label1\" content=\"Dur\u00e9e de lecture estim\u00e9e\" \/>\n\t<meta name=\"twitter:data1\" content=\"2 minutes\" \/>\n<script type=\"application\/ld+json\" class=\"yoast-schema-graph\">{\"@context\":\"https:\/\/schema.org\",\"@graph\":[{\"@type\":\"WebPage\",\"@id\":\"https:\/\/www.osa-abrasives.org\/fr\/fabricants-membres\/procedures-de-demande-dadmission-en-tant-que-membre-de-losa-infocentre\/\",\"url\":\"https:\/\/www.osa-abrasives.org\/fr\/fabricants-membres\/procedures-de-demande-dadmission-en-tant-que-membre-de-losa-infocentre\/\",\"name\":\"Proc\u00e9dures de demande d\u2019admission en tant que membre de l\u2019oSa - Infocentre - oSa: The Organisation for the Safety of Abrasives\",\"isPartOf\":{\"@id\":\"https:\/\/www.osa-abrasives.org\/fr\/#website\"},\"datePublished\":\"2020-04-08T09:57:48+00:00\",\"dateModified\":\"2023-05-12T15:08:50+00:00\",\"breadcrumb\":{\"@id\":\"https:\/\/www.osa-abrasives.org\/fr\/fabricants-membres\/procedures-de-demande-dadmission-en-tant-que-membre-de-losa-infocentre\/#breadcrumb\"},\"inLanguage\":\"fr-FR\",\"potentialAction\":[{\"@type\":\"ReadAction\",\"target\":[\"https:\/\/www.osa-abrasives.org\/fr\/fabricants-membres\/procedures-de-demande-dadmission-en-tant-que-membre-de-losa-infocentre\/\"]}]},{\"@type\":\"BreadcrumbList\",\"@id\":\"https:\/\/www.osa-abrasives.org\/fr\/fabricants-membres\/procedures-de-demande-dadmission-en-tant-que-membre-de-losa-infocentre\/#breadcrumb\",\"itemListElement\":[{\"@type\":\"ListItem\",\"position\":1,\"name\":\"Home\",\"item\":\"https:\/\/www.osa-abrasives.org\/fr\/\"},{\"@type\":\"ListItem\",\"position\":2,\"name\":\"fabricants-membres\",\"item\":\"https:\/\/www.osa-abrasives.org\/fr\/fabricants-membres\/\"},{\"@type\":\"ListItem\",\"position\":3,\"name\":\"Proc\u00e9dures de demande d\u2019admission en tant que membre de l\u2019oSa &#8211; Infocentre\"}]},{\"@type\":\"WebSite\",\"@id\":\"https:\/\/www.osa-abrasives.org\/fr\/#website\",\"url\":\"https:\/\/www.osa-abrasives.org\/fr\/\",\"name\":\"oSa: The Organisation for the Safety of Abrasives\",\"description\":\"Organisiation f\u00fcr die Sicherheit von Schleifmitteln\",\"publisher\":{\"@id\":\"https:\/\/www.osa-abrasives.org\/fr\/#organization\"},\"potentialAction\":[{\"@type\":\"SearchAction\",\"target\":{\"@type\":\"EntryPoint\",\"urlTemplate\":\"https:\/\/www.osa-abrasives.org\/fr\/?s={search_term_string}\"},\"query-input\":{\"@type\":\"PropertyValueSpecification\",\"valueRequired\":true,\"valueName\":\"search_term_string\"}}],\"inLanguage\":\"fr-FR\"},{\"@type\":\"Organization\",\"@id\":\"https:\/\/www.osa-abrasives.org\/fr\/#organization\",\"name\":\"oSa -Sicherheit von Schleifwerkzeugen\",\"url\":\"https:\/\/www.osa-abrasives.org\/fr\/\",\"logo\":{\"@type\":\"ImageObject\",\"inLanguage\":\"fr-FR\",\"@id\":\"https:\/\/www.osa-abrasives.org\/fr\/#\/schema\/logo\/image\/\",\"url\":\"https:\/\/www.osa-abrasives.org\/wp-content\/uploads\/2020\/02\/oSaColor.svg\",\"contentUrl\":\"https:\/\/www.osa-abrasives.org\/wp-content\/uploads\/2020\/02\/oSaColor.svg\",\"width\":100,\"height\":100,\"caption\":\"oSa -Sicherheit von Schleifwerkzeugen\"},\"image\":{\"@id\":\"https:\/\/www.osa-abrasives.org\/fr\/#\/schema\/logo\/image\/\"},\"sameAs\":[\"https:\/\/www.facebook.com\/osa.symbol.of.safety\/\",\"https:\/\/x.com\/oSaSymbol\",\"https:\/\/www.instagram.com\/osa_the_symbol_of_safety\/\",\"https:\/\/www.youtube.com\/channel\/UCL6cJXaB_dqmwhhHP5G8rWA\"]}]}<\/script>\n<!-- \/ Yoast SEO plugin. -->","yoast_head_json":{"title":"Proc\u00e9dures de demande d\u2019admission en tant que membre de l\u2019oSa - Infocentre - oSa: The Organisation for the Safety of Abrasives","robots":{"index":"index","follow":"follow","max-snippet":"max-snippet:-1","max-image-preview":"max-image-preview:large","max-video-preview":"max-video-preview:-1"},"canonical":"https:\/\/www.osa-abrasives.org\/fr\/fabricants-membres\/procedures-de-demande-dadmission-en-tant-que-membre-de-losa-infocentre\/","og_locale":"fr_FR","og_type":"article","og_title":"Proc\u00e9dures de demande d\u2019admission en tant que membre de l\u2019oSa - Infocentre - oSa: The Organisation for the Safety of Abrasives","og_description":"Proc\u00e9dures de demande d\u2019admission en tant que membre de l\u2019oSa Les membres de l&rsquo;oSa peuvent devenir des entreprises r\u00e9sidentes dans le monde entier, qui fabriquent et vendent des outils de meulage \u00e0 partir d&rsquo;abrasifs artificiels (par exemple, corindon, carbure de silicium, grains de c\u00e9ramique, corindon de zircon, diamant ou nitrure de bore cubique &#8211; CBN).&nbsp; [&hellip;]","og_url":"https:\/\/www.osa-abrasives.org\/fr\/fabricants-membres\/procedures-de-demande-dadmission-en-tant-que-membre-de-losa-infocentre\/","og_site_name":"oSa: The Organisation for the Safety of Abrasives","article_publisher":"https:\/\/www.facebook.com\/osa.symbol.of.safety\/","article_modified_time":"2023-05-12T15:08:50+00:00","twitter_card":"summary_large_image","twitter_site":"@oSaSymbol","twitter_misc":{"Dur\u00e9e de lecture estim\u00e9e":"2 minutes"},"schema":{"@context":"https:\/\/schema.org","@graph":[{"@type":"WebPage","@id":"https:\/\/www.osa-abrasives.org\/fr\/fabricants-membres\/procedures-de-demande-dadmission-en-tant-que-membre-de-losa-infocentre\/","url":"https:\/\/www.osa-abrasives.org\/fr\/fabricants-membres\/procedures-de-demande-dadmission-en-tant-que-membre-de-losa-infocentre\/","name":"Proc\u00e9dures de demande d\u2019admission en tant que membre de l\u2019oSa - Infocentre - oSa: The Organisation for the Safety of Abrasives","isPartOf":{"@id":"https:\/\/www.osa-abrasives.org\/fr\/#website"},"datePublished":"2020-04-08T09:57:48+00:00","dateModified":"2023-05-12T15:08:50+00:00","breadcrumb":{"@id":"https:\/\/www.osa-abrasives.org\/fr\/fabricants-membres\/procedures-de-demande-dadmission-en-tant-que-membre-de-losa-infocentre\/#breadcrumb"},"inLanguage":"fr-FR","potentialAction":[{"@type":"ReadAction","target":["https:\/\/www.osa-abrasives.org\/fr\/fabricants-membres\/procedures-de-demande-dadmission-en-tant-que-membre-de-losa-infocentre\/"]}]},{"@type":"BreadcrumbList","@id":"https:\/\/www.osa-abrasives.org\/fr\/fabricants-membres\/procedures-de-demande-dadmission-en-tant-que-membre-de-losa-infocentre\/#breadcrumb","itemListElement":[{"@type":"ListItem","position":1,"name":"Home","item":"https:\/\/www.osa-abrasives.org\/fr\/"},{"@type":"ListItem","position":2,"name":"fabricants-membres","item":"https:\/\/www.osa-abrasives.org\/fr\/fabricants-membres\/"},{"@type":"ListItem","position":3,"name":"Proc\u00e9dures de demande d\u2019admission en tant que membre de l\u2019oSa &#8211; Infocentre"}]},{"@type":"WebSite","@id":"https:\/\/www.osa-abrasives.org\/fr\/#website","url":"https:\/\/www.osa-abrasives.org\/fr\/","name":"oSa: The Organisation for the Safety of Abrasives","description":"Organisiation f\u00fcr die Sicherheit von Schleifmitteln","publisher":{"@id":"https:\/\/www.osa-abrasives.org\/fr\/#organization"},"potentialAction":[{"@type":"SearchAction","target":{"@type":"EntryPoint","urlTemplate":"https:\/\/www.osa-abrasives.org\/fr\/?s={search_term_string}"},"query-input":{"@type":"PropertyValueSpecification","valueRequired":true,"valueName":"search_term_string"}}],"inLanguage":"fr-FR"},{"@type":"Organization","@id":"https:\/\/www.osa-abrasives.org\/fr\/#organization","name":"oSa -Sicherheit von Schleifwerkzeugen","url":"https:\/\/www.osa-abrasives.org\/fr\/","logo":{"@type":"ImageObject","inLanguage":"fr-FR","@id":"https:\/\/www.osa-abrasives.org\/fr\/#\/schema\/logo\/image\/","url":"https:\/\/www.osa-abrasives.org\/wp-content\/uploads\/2020\/02\/oSaColor.svg","contentUrl":"https:\/\/www.osa-abrasives.org\/wp-content\/uploads\/2020\/02\/oSaColor.svg","width":100,"height":100,"caption":"oSa -Sicherheit von Schleifwerkzeugen"},"image":{"@id":"https:\/\/www.osa-abrasives.org\/fr\/#\/schema\/logo\/image\/"},"sameAs":["https:\/\/www.facebook.com\/osa.symbol.of.safety\/","https:\/\/x.com\/oSaSymbol","https:\/\/www.instagram.com\/osa_the_symbol_of_safety\/","https:\/\/www.youtube.com\/channel\/UCL6cJXaB_dqmwhhHP5G8rWA"]}]}},"_links":{"self":[{"href":"https:\/\/www.osa-abrasives.org\/fr\/wp-json\/wp\/v2\/pages\/2803","targetHints":{"allow":["GET"]}}],"collection":[{"href":"https:\/\/www.osa-abrasives.org\/fr\/wp-json\/wp\/v2\/pages"}],"about":[{"href":"https:\/\/www.osa-abrasives.org\/fr\/wp-json\/wp\/v2\/types\/page"}],"author":[{"embeddable":true,"href":"https:\/\/www.osa-abrasives.org\/fr\/wp-json\/wp\/v2\/users\/12"}],"replies":[{"embeddable":true,"href":"https:\/\/www.osa-abrasives.org\/fr\/wp-json\/wp\/v2\/comments?post=2803"}],"version-history":[{"count":8,"href":"https:\/\/www.osa-abrasives.org\/fr\/wp-json\/wp\/v2\/pages\/2803\/revisions"}],"predecessor-version":[{"id":5047,"href":"https:\/\/www.osa-abrasives.org\/fr\/wp-json\/wp\/v2\/pages\/2803\/revisions\/5047"}],"up":[{"embeddable":true,"href":"https:\/\/www.osa-abrasives.org\/fr\/wp-json\/wp\/v2\/pages\/2815"}],"wp:attachment":[{"href":"https:\/\/www.osa-abrasives.org\/fr\/wp-json\/wp\/v2\/media?parent=2803"}],"curies":[{"name":"wp","href":"https:\/\/api.w.org\/{rel}","templated":true}]}}