{"id":3409,"date":"2020-05-04T21:27:18","date_gmt":"2020-05-04T21:27:18","guid":{"rendered":"https:\/\/relaunch.osa-abrasives.org\/procedimientos-desde-aplicacion-hasta-admision-como-miembro-osa\/"},"modified":"2023-05-12T15:00:47","modified_gmt":"2023-05-12T15:00:47","slug":"procedimientos-desde-la-solicitud-hasta-la-admision-como-miembro-de-osa","status":"publish","type":"page","link":"https:\/\/www.osa-abrasives.org\/es\/fabricantes-miembro\/procedimientos-desde-la-solicitud-hasta-la-admision-como-miembro-de-osa\/","title":{"rendered":"Procedimientos desde la solicitud hasta la admisi\u00f3n como miembro de oSa &#8211; Centro de informaci\u00f3n"},"content":{"rendered":"\n<h1 class=\"wp-block-heading\">Procedimientos desde la solicitud hasta la admisi\u00f3n como miembro de la oSa<\/h1>\n\n\n\n<p>Los miembros de la oSa pueden ser empresas residentes en todo el mundo, que fabrican y venden herramientas abrasivas a partir de abrasivos artificiales (por ejemplo, corind\u00f3n, carburo de silicio, grano cer\u00e1mico, corind\u00f3n de circ\u00f3n, diamante o nitruro de boro c\u00fabico &#8211; CBN).&nbsp;<\/p>\n\n\n\n<p>Normas de seguridad basadas en las normas de seguridad EN. Si est\u00e1 interesado en presentar una solicitud, env\u00edenos los siguientes documentos:<\/p>\n\n\n\n<p> <br><strong>Formulario de solicitud,<\/strong><br>Descargue el formulario aqu\u00ed: <a href=\"https:\/\/www.osa-abrasives.org\/wp-content\/uploads\/Membership-application-form_24-08-2020.pdf\" target=\"_blank\" rel=\"noreferrer noopener\">PDF<\/a>\/<a href=\"https:\/\/www.osa-abrasives.org\/wp-content\/uploads\/Membership-application-form_24-08-2020.docx\">Word<\/a>, firme y proporcione las pruebas requeridas y los anexos al formulario de solicitud:<\/p>\n\n\n\n<p>Tablas \u00ab<strong>Alcance de los productos oSa<\/strong>\u00ab:<\/p>\n\n\n\n<ul class=\"wp-block-list\">\n<li><a href=\"\/wp-content\/uploads\/oSa-Scope-bonded.xls\">aglomerados<\/a><\/li>\n\n\n\n<li><a href=\"\/wp-content\/uploads\/oSa-Scope-coated.xls\">recubiertos<\/a>,<\/li>\n\n\n\n<li><a href=\"\/wp-content\/uploads\/Scope_superabrasives.xls\">superabrasivos<\/a><\/li>\n<\/ul>\n\n\n\n<p>Para preparar los ensayos, el solicitante debe especificar el \u00abAlcance de los productos oSa\u00bb asociado al formulario de solicitud.&nbsp;<\/p>\n\n\n\n<p><strong>Los resultados de los ensayos de dise\u00f1o<\/strong> deben enviarse a oSa para su examen. Entre los requisitos adicionales se incluye una copia firmada de los estatutos (a efectos legales, requerimos la versi\u00f3n alemana, as\u00ed como una copia firmada de las condiciones de uso).&nbsp;<\/p>\n\n\n\n<p><strong>Cat\u00e1logo de productos a info@oSa-abrasives.org<\/strong>: Bas\u00e1ndose en el cat\u00e1logo de productos, la oSa selecciona los productos que el solicitante enviar\u00e1 al IFA para su examen <strong>(IFA: instituto de Seguridad y Salud Laboral de la Seguridad Social alemana, <a href=\"http:\/\/www.dguv.de\/ifa\" target=\"_blank\" rel=\"noreferrer noopener\">www.dguv.de\/ifa<\/a>)<\/strong>. Desde su fundaci\u00f3n, oSa colabora con el IFA como instituto de ensayos acreditado e independiente. Existe un intercambio regular de conocimientos t\u00e9cnicos entre el oSa y el IFA. Por razones de igualdad de trato y de comparabilidad de los resultados de las pruebas de todos los solicitantes y miembros, todas las pruebas de la oSa se realizan exclusivamente en el IFA.<\/p>\n\n\n\n<p>Una vez superadas las pruebas de la IFA, tiene lugar una inspecci\u00f3n de la f\u00e1brica a cargo del solicitante.<\/p>\n\n\n\n<p>Una vez superada la auditor\u00eda, la solicitud de afiliaci\u00f3n se presenta a la junta directiva para que tome una decisi\u00f3n.<\/p>\n\n\n\n<p>Tras la admisi\u00f3n en la oSa, se acuerda una auditor\u00eda anual durante un periodo de tres a\u00f1os. El derecho a utilizar la marca oSa se concede por un periodo de cinco a\u00f1os, a partir de la finalizaci\u00f3n de la tercera auditor\u00eda consecutiva. Al cabo de los cinco a\u00f1os, se llevar\u00e1 a cabo una nueva inspecci\u00f3n de la f\u00e1brica.<\/p>\n\n\n\n<p><\/p>\n","protected":false},"excerpt":{"rendered":"<p>Procedimientos desde la solicitud hasta la admisi\u00f3n como miembro de la oSa Los miembros de la oSa pueden ser empresas residentes en todo el mundo, que fabrican y venden herramientas abrasivas a partir de abrasivos artificiales (por ejemplo, corind\u00f3n, carburo de silicio, grano cer\u00e1mico, corind\u00f3n de circ\u00f3n, diamante o nitruro de boro c\u00fabico &#8211; CBN).&nbsp; [&hellip;]<\/p>\n","protected":false},"author":12,"featured_media":0,"parent":3412,"menu_order":30,"comment_status":"closed","ping_status":"closed","template":"minimal_template.php","meta":{"_acf_changed":false,"footnotes":""},"class_list":["post-3409","page","type-page","status-publish","hentry"],"acf":[],"yoast_head":"<!-- This site is optimized with the Yoast SEO plugin v26.9 - https:\/\/yoast.com\/product\/yoast-seo-wordpress\/ -->\n<title>Procedimientos desde la solicitud hasta la admisi\u00f3n como miembro de oSa - Centro de informaci\u00f3n - oSa: The Organisation for the Safety of Abrasives<\/title>\n<meta name=\"robots\" content=\"index, follow, max-snippet:-1, max-image-preview:large, max-video-preview:-1\" \/>\n<link rel=\"canonical\" href=\"https:\/\/www.osa-abrasives.org\/es\/fabricantes-miembro\/procedimientos-desde-la-solicitud-hasta-la-admision-como-miembro-de-osa\/\" \/>\n<meta property=\"og:locale\" content=\"es_ES\" \/>\n<meta property=\"og:type\" content=\"article\" \/>\n<meta property=\"og:title\" content=\"Procedimientos desde la solicitud hasta la admisi\u00f3n como miembro de oSa - Centro de informaci\u00f3n - oSa: The Organisation for the Safety of Abrasives\" \/>\n<meta property=\"og:description\" content=\"Procedimientos desde la solicitud hasta la admisi\u00f3n como miembro de la oSa Los miembros de la oSa pueden ser empresas residentes en todo el mundo, que fabrican y venden herramientas abrasivas a partir de abrasivos artificiales (por ejemplo, corind\u00f3n, carburo de silicio, grano cer\u00e1mico, corind\u00f3n de circ\u00f3n, diamante o nitruro de boro c\u00fabico &#8211; CBN).&nbsp; [&hellip;]\" \/>\n<meta property=\"og:url\" content=\"https:\/\/www.osa-abrasives.org\/es\/fabricantes-miembro\/procedimientos-desde-la-solicitud-hasta-la-admision-como-miembro-de-osa\/\" \/>\n<meta property=\"og:site_name\" content=\"oSa: The Organisation for the Safety of Abrasives\" \/>\n<meta property=\"article:publisher\" content=\"https:\/\/www.facebook.com\/osa.symbol.of.safety\/\" \/>\n<meta property=\"article:modified_time\" content=\"2023-05-12T15:00:47+00:00\" \/>\n<meta name=\"twitter:card\" content=\"summary_large_image\" \/>\n<meta name=\"twitter:site\" content=\"@oSaSymbol\" \/>\n<meta name=\"twitter:label1\" content=\"Tiempo de lectura\" \/>\n\t<meta name=\"twitter:data1\" content=\"2 minutos\" \/>\n<script type=\"application\/ld+json\" class=\"yoast-schema-graph\">{\"@context\":\"https:\/\/schema.org\",\"@graph\":[{\"@type\":\"WebPage\",\"@id\":\"https:\/\/www.osa-abrasives.org\/es\/fabricantes-miembro\/procedimientos-desde-la-solicitud-hasta-la-admision-como-miembro-de-osa\/\",\"url\":\"https:\/\/www.osa-abrasives.org\/es\/fabricantes-miembro\/procedimientos-desde-la-solicitud-hasta-la-admision-como-miembro-de-osa\/\",\"name\":\"Procedimientos desde la solicitud hasta la admisi\u00f3n como miembro de oSa - Centro de informaci\u00f3n - oSa: The Organisation for the Safety of Abrasives\",\"isPartOf\":{\"@id\":\"https:\/\/www.osa-abrasives.org\/es\/#website\"},\"datePublished\":\"2020-05-04T21:27:18+00:00\",\"dateModified\":\"2023-05-12T15:00:47+00:00\",\"breadcrumb\":{\"@id\":\"https:\/\/www.osa-abrasives.org\/es\/fabricantes-miembro\/procedimientos-desde-la-solicitud-hasta-la-admision-como-miembro-de-osa\/#breadcrumb\"},\"inLanguage\":\"es\",\"potentialAction\":[{\"@type\":\"ReadAction\",\"target\":[\"https:\/\/www.osa-abrasives.org\/es\/fabricantes-miembro\/procedimientos-desde-la-solicitud-hasta-la-admision-como-miembro-de-osa\/\"]}]},{\"@type\":\"BreadcrumbList\",\"@id\":\"https:\/\/www.osa-abrasives.org\/es\/fabricantes-miembro\/procedimientos-desde-la-solicitud-hasta-la-admision-como-miembro-de-osa\/#breadcrumb\",\"itemListElement\":[{\"@type\":\"ListItem\",\"position\":1,\"name\":\"Home\",\"item\":\"https:\/\/www.osa-abrasives.org\/es\/\"},{\"@type\":\"ListItem\",\"position\":2,\"name\":\"Fabricants miembro\",\"item\":\"https:\/\/www.osa-abrasives.org\/es\/fabricantes-miembro\/\"},{\"@type\":\"ListItem\",\"position\":3,\"name\":\"Procedimientos desde la solicitud hasta la admisi\u00f3n como miembro de oSa &#8211; Centro de informaci\u00f3n\"}]},{\"@type\":\"WebSite\",\"@id\":\"https:\/\/www.osa-abrasives.org\/es\/#website\",\"url\":\"https:\/\/www.osa-abrasives.org\/es\/\",\"name\":\"oSa: The Organisation for the Safety of Abrasives\",\"description\":\"Organisiation f\u00fcr die Sicherheit von Schleifmitteln\",\"publisher\":{\"@id\":\"https:\/\/www.osa-abrasives.org\/es\/#organization\"},\"potentialAction\":[{\"@type\":\"SearchAction\",\"target\":{\"@type\":\"EntryPoint\",\"urlTemplate\":\"https:\/\/www.osa-abrasives.org\/es\/?s={search_term_string}\"},\"query-input\":{\"@type\":\"PropertyValueSpecification\",\"valueRequired\":true,\"valueName\":\"search_term_string\"}}],\"inLanguage\":\"es\"},{\"@type\":\"Organization\",\"@id\":\"https:\/\/www.osa-abrasives.org\/es\/#organization\",\"name\":\"oSa -Sicherheit von Schleifwerkzeugen\",\"url\":\"https:\/\/www.osa-abrasives.org\/es\/\",\"logo\":{\"@type\":\"ImageObject\",\"inLanguage\":\"es\",\"@id\":\"https:\/\/www.osa-abrasives.org\/es\/#\/schema\/logo\/image\/\",\"url\":\"https:\/\/www.osa-abrasives.org\/wp-content\/uploads\/2020\/02\/oSaColor.svg\",\"contentUrl\":\"https:\/\/www.osa-abrasives.org\/wp-content\/uploads\/2020\/02\/oSaColor.svg\",\"width\":100,\"height\":100,\"caption\":\"oSa -Sicherheit von Schleifwerkzeugen\"},\"image\":{\"@id\":\"https:\/\/www.osa-abrasives.org\/es\/#\/schema\/logo\/image\/\"},\"sameAs\":[\"https:\/\/www.facebook.com\/osa.symbol.of.safety\/\",\"https:\/\/x.com\/oSaSymbol\",\"https:\/\/www.instagram.com\/osa_the_symbol_of_safety\/\",\"https:\/\/www.youtube.com\/channel\/UCL6cJXaB_dqmwhhHP5G8rWA\"]}]}<\/script>\n<!-- \/ Yoast SEO plugin. -->","yoast_head_json":{"title":"Procedimientos desde la solicitud hasta la admisi\u00f3n como miembro de oSa - Centro de informaci\u00f3n - oSa: The Organisation for the Safety of Abrasives","robots":{"index":"index","follow":"follow","max-snippet":"max-snippet:-1","max-image-preview":"max-image-preview:large","max-video-preview":"max-video-preview:-1"},"canonical":"https:\/\/www.osa-abrasives.org\/es\/fabricantes-miembro\/procedimientos-desde-la-solicitud-hasta-la-admision-como-miembro-de-osa\/","og_locale":"es_ES","og_type":"article","og_title":"Procedimientos desde la solicitud hasta la admisi\u00f3n como miembro de oSa - Centro de informaci\u00f3n - oSa: The Organisation for the Safety of Abrasives","og_description":"Procedimientos desde la solicitud hasta la admisi\u00f3n como miembro de la oSa Los miembros de la oSa pueden ser empresas residentes en todo el mundo, que fabrican y venden herramientas abrasivas a partir de abrasivos artificiales (por ejemplo, corind\u00f3n, carburo de silicio, grano cer\u00e1mico, corind\u00f3n de circ\u00f3n, diamante o nitruro de boro c\u00fabico &#8211; CBN).&nbsp; [&hellip;]","og_url":"https:\/\/www.osa-abrasives.org\/es\/fabricantes-miembro\/procedimientos-desde-la-solicitud-hasta-la-admision-como-miembro-de-osa\/","og_site_name":"oSa: The Organisation for the Safety of Abrasives","article_publisher":"https:\/\/www.facebook.com\/osa.symbol.of.safety\/","article_modified_time":"2023-05-12T15:00:47+00:00","twitter_card":"summary_large_image","twitter_site":"@oSaSymbol","twitter_misc":{"Tiempo de lectura":"2 minutos"},"schema":{"@context":"https:\/\/schema.org","@graph":[{"@type":"WebPage","@id":"https:\/\/www.osa-abrasives.org\/es\/fabricantes-miembro\/procedimientos-desde-la-solicitud-hasta-la-admision-como-miembro-de-osa\/","url":"https:\/\/www.osa-abrasives.org\/es\/fabricantes-miembro\/procedimientos-desde-la-solicitud-hasta-la-admision-como-miembro-de-osa\/","name":"Procedimientos desde la solicitud hasta la admisi\u00f3n como miembro de oSa - Centro de informaci\u00f3n - oSa: The Organisation for the Safety of Abrasives","isPartOf":{"@id":"https:\/\/www.osa-abrasives.org\/es\/#website"},"datePublished":"2020-05-04T21:27:18+00:00","dateModified":"2023-05-12T15:00:47+00:00","breadcrumb":{"@id":"https:\/\/www.osa-abrasives.org\/es\/fabricantes-miembro\/procedimientos-desde-la-solicitud-hasta-la-admision-como-miembro-de-osa\/#breadcrumb"},"inLanguage":"es","potentialAction":[{"@type":"ReadAction","target":["https:\/\/www.osa-abrasives.org\/es\/fabricantes-miembro\/procedimientos-desde-la-solicitud-hasta-la-admision-como-miembro-de-osa\/"]}]},{"@type":"BreadcrumbList","@id":"https:\/\/www.osa-abrasives.org\/es\/fabricantes-miembro\/procedimientos-desde-la-solicitud-hasta-la-admision-como-miembro-de-osa\/#breadcrumb","itemListElement":[{"@type":"ListItem","position":1,"name":"Home","item":"https:\/\/www.osa-abrasives.org\/es\/"},{"@type":"ListItem","position":2,"name":"Fabricants miembro","item":"https:\/\/www.osa-abrasives.org\/es\/fabricantes-miembro\/"},{"@type":"ListItem","position":3,"name":"Procedimientos desde la solicitud hasta la admisi\u00f3n como miembro de oSa &#8211; Centro de informaci\u00f3n"}]},{"@type":"WebSite","@id":"https:\/\/www.osa-abrasives.org\/es\/#website","url":"https:\/\/www.osa-abrasives.org\/es\/","name":"oSa: The Organisation for the Safety of Abrasives","description":"Organisiation f\u00fcr die Sicherheit von Schleifmitteln","publisher":{"@id":"https:\/\/www.osa-abrasives.org\/es\/#organization"},"potentialAction":[{"@type":"SearchAction","target":{"@type":"EntryPoint","urlTemplate":"https:\/\/www.osa-abrasives.org\/es\/?s={search_term_string}"},"query-input":{"@type":"PropertyValueSpecification","valueRequired":true,"valueName":"search_term_string"}}],"inLanguage":"es"},{"@type":"Organization","@id":"https:\/\/www.osa-abrasives.org\/es\/#organization","name":"oSa -Sicherheit von Schleifwerkzeugen","url":"https:\/\/www.osa-abrasives.org\/es\/","logo":{"@type":"ImageObject","inLanguage":"es","@id":"https:\/\/www.osa-abrasives.org\/es\/#\/schema\/logo\/image\/","url":"https:\/\/www.osa-abrasives.org\/wp-content\/uploads\/2020\/02\/oSaColor.svg","contentUrl":"https:\/\/www.osa-abrasives.org\/wp-content\/uploads\/2020\/02\/oSaColor.svg","width":100,"height":100,"caption":"oSa -Sicherheit von Schleifwerkzeugen"},"image":{"@id":"https:\/\/www.osa-abrasives.org\/es\/#\/schema\/logo\/image\/"},"sameAs":["https:\/\/www.facebook.com\/osa.symbol.of.safety\/","https:\/\/x.com\/oSaSymbol","https:\/\/www.instagram.com\/osa_the_symbol_of_safety\/","https:\/\/www.youtube.com\/channel\/UCL6cJXaB_dqmwhhHP5G8rWA"]}]}},"_links":{"self":[{"href":"https:\/\/www.osa-abrasives.org\/es\/wp-json\/wp\/v2\/pages\/3409","targetHints":{"allow":["GET"]}}],"collection":[{"href":"https:\/\/www.osa-abrasives.org\/es\/wp-json\/wp\/v2\/pages"}],"about":[{"href":"https:\/\/www.osa-abrasives.org\/es\/wp-json\/wp\/v2\/types\/page"}],"author":[{"embeddable":true,"href":"https:\/\/www.osa-abrasives.org\/es\/wp-json\/wp\/v2\/users\/12"}],"replies":[{"embeddable":true,"href":"https:\/\/www.osa-abrasives.org\/es\/wp-json\/wp\/v2\/comments?post=3409"}],"version-history":[{"count":9,"href":"https:\/\/www.osa-abrasives.org\/es\/wp-json\/wp\/v2\/pages\/3409\/revisions"}],"predecessor-version":[{"id":5041,"href":"https:\/\/www.osa-abrasives.org\/es\/wp-json\/wp\/v2\/pages\/3409\/revisions\/5041"}],"up":[{"embeddable":true,"href":"https:\/\/www.osa-abrasives.org\/es\/wp-json\/wp\/v2\/pages\/3412"}],"wp:attachment":[{"href":"https:\/\/www.osa-abrasives.org\/es\/wp-json\/wp\/v2\/media?parent=3409"}],"curies":[{"name":"wp","href":"https:\/\/api.w.org\/{rel}","templated":true}]}}